{"id":298,"date":"2023-05-10T17:59:31","date_gmt":"2023-05-10T15:59:31","guid":{"rendered":"https:\/\/ro-wapp-ne-drmax-fundatiasensiblu001prod.azurewebsites.net\/?page_id=298"},"modified":"2023-05-17T15:53:18","modified_gmt":"2023-05-17T13:53:18","slug":"noutati","status":"publish","type":"page","link":"https:\/\/fundatiasensiblu.ro\/?page_id=298","title":{"rendered":"Nout\u0103\u021bi"},"content":{"rendered":"\t\t<div data-elementor-type=\"wp-page\" data-elementor-id=\"298\" class=\"elementor elementor-298\">\n\t\t\t\t\t\t\t\t\t<section class=\"elementor-section elementor-top-section elementor-element elementor-element-0267f44 top-banner white-color elementor-section-content-middle elementor-section-boxed elementor-section-height-default elementor-section-height-default\" data-id=\"0267f44\" data-element_type=\"section\" data-settings=\"{&quot;background_background&quot;:&quot;classic&quot;}\">\n\t\t\t\t\t\t\t<div class=\"elementor-background-overlay\"><\/div>\n\t\t\t\t\t\t\t<div class=\"elementor-container elementor-column-gap-default\">\n\t\t\t\t\t<div class=\"elementor-column elementor-col-100 elementor-top-column elementor-element elementor-element-aa14516\" data-id=\"aa14516\" data-element_type=\"column\">\n\t\t\t<div class=\"elementor-widget-wrap elementor-element-populated\">\n\t\t\t\t\t\t\t\t<section class=\"elementor-section elementor-inner-section elementor-element elementor-element-08a5275 elementor-section-content-middle csm-w800 elementor-section-boxed elementor-section-height-default elementor-section-height-default\" data-id=\"08a5275\" data-element_type=\"section\">\n\t\t\t\t\t\t<div class=\"elementor-container elementor-column-gap-default\">\n\t\t\t\t\t<div class=\"elementor-column elementor-col-100 elementor-inner-column elementor-element elementor-element-8a00860\" data-id=\"8a00860\" data-element_type=\"column\">\n\t\t\t<div class=\"elementor-widget-wrap elementor-element-populated\">\n\t\t\t\t\t\t\t\t<div class=\"elementor-element elementor-element-1f9bc4a elementor-widget elementor-widget-heading\" data-id=\"1f9bc4a\" data-element_type=\"widget\" data-widget_type=\"heading.default\">\n\t\t\t\t<div class=\"elementor-widget-container\">\n\t\t\t<style>\/*! elementor - v3.14.0 - 18-06-2023 *\/\n.elementor-heading-title{padding:0;margin:0;line-height:1}.elementor-widget-heading .elementor-heading-title[class*=elementor-size-]>a{color:inherit;font-size:inherit;line-height:inherit}.elementor-widget-heading .elementor-heading-title.elementor-size-small{font-size:15px}.elementor-widget-heading .elementor-heading-title.elementor-size-medium{font-size:19px}.elementor-widget-heading .elementor-heading-title.elementor-size-large{font-size:29px}.elementor-widget-heading .elementor-heading-title.elementor-size-xl{font-size:39px}.elementor-widget-heading .elementor-heading-title.elementor-size-xxl{font-size:59px}<\/style><h2 class=\"elementor-heading-title elementor-size-default\">Nout\u0103\u021bi<\/h2>\t\t<\/div>\n\t\t\t\t<\/div>\n\t\t\t\t\t<\/div>\n\t\t<\/div>\n\t\t\t\t\t\t\t<\/div>\n\t\t<\/section>\n\t\t\t\t\t<\/div>\n\t\t<\/div>\n\t\t\t\t\t\t\t<\/div>\n\t\t<\/section>\n\t\t\t\t<section class=\"elementor-section elementor-top-section elementor-element elementor-element-cdd493d elementor-section-full_width csm-archive pt-30 pb-30 elementor-section-height-default elementor-section-height-default\" data-id=\"cdd493d\" data-element_type=\"section\">\n\t\t\t\t\t\t<div class=\"elementor-container elementor-column-gap-no\">\n\t\t\t\t\t<div class=\"elementor-column elementor-col-100 elementor-top-column elementor-element elementor-element-fe8cd22\" data-id=\"fe8cd22\" data-element_type=\"column\">\n\t\t\t<div class=\"elementor-widget-wrap elementor-element-populated\">\n\t\t\t\t\t\t\t\t<div class=\"elementor-element elementor-element-6e715c0 elementor-widget elementor-widget-shortcode\" data-id=\"6e715c0\" data-element_type=\"widget\" data-widget_type=\"shortcode.default\">\n\t\t\t\t<div class=\"elementor-widget-container\">\n\t\t\t\t\t<div class=\"elementor-shortcode\">    <div id=\"list-post-panel\">\r\n        <div class=\"page-center\">\r\n        \r\n                        <div class=\"post-box\">\r\n                <div class=\"post-text-align\">\r\n                    <div class=\"post-list-title\">\r\n                        <h3><a href=\"https:\/\/fundatiasensiblu.ro\/?p=2554\">Al\u0103tur\u0103-te re\u021belei SafeYOU!<\/a><\/h3>\r\n                    <\/div>\r\n                    <div class=\"post-list-text\"><p>Aplica\u021bia SafeYOU este disponibil\u0103 \u00een Rom\u00e2nia, \u00eencep\u00e2nd cu luna iunie, la ini\u021biativa UNFPA EECARO, av\u00e2nd numero\u0219i suporteri interna\u021bional\u0103 \u0219i na\u021bionali, precum US Department of State \u0219i Agen\u021bia Na\u021bional\u0103 pentru Egalitate de \u0218anse. Ini\u021biativa este implementat\u0103 \u00een Rom\u00e2nia de Funda\u021bia Sensiblu. SafeYOU reprezint\u0103 o tehnologie inovatoare \u0219i revolu\u021bionar\u0103 destinat\u0103 femeilor \u0219i fetelor, av\u00e2nd drept scop reducerea&hellip; <a class=\"more-link\" href=\"https:\/\/fundatiasensiblu.ro\/?p=2554\">Continu\u0103 lectura <span class=\"screen-reader-text\">Al\u0103tur\u0103-te re\u021belei SafeYOU!<\/span><\/a><\/p>\n<\/div>\r\n                    <div class=\"post-list-readmore\">\r\n                        <a href=\"https:\/\/fundatiasensiblu.ro\/?p=2554\" class=\"second_font\">Cite\u0219te mai mult<\/a>\r\n                    <\/div>\r\n                <\/div>\r\n            <\/div>\r\n                    \r\n                        <div class=\"post-box\">\r\n                <div class=\"post-text-align\">\r\n                    <div class=\"post-list-title\">\r\n                        <h3><a href=\"https:\/\/fundatiasensiblu.ro\/?p=2537\">SafeYOU, o aplica\u021bie pentru femeile \u0219i fetele victime ale violen\u021bei<\/a><\/h3>\r\n                    <\/div>\r\n                    <div class=\"post-list-text\"><p>Prin intermediul tehnologiei, conect\u0103m femeile \u00een risc de violen\u021b\u0103 cu serviciile de specialitate Din luna iunie, femeile \u0219i fetele aflate \u00eentr-o situa\u021bie de violen\u021b\u0103 domestic\u0103 \u0219i de gen au acces la aplica\u021bia SafeYOU, o solu\u021bie digital\u0103 dedicat\u0103 promov\u0103rii siguran\u021bei \u0219i \u00eemputernicirii. Rom\u00e2nia devine prima \u021bar\u0103 din Uniunea European\u0103 (UE) \u00een care va fi disponibil\u0103 aplica\u021bia&hellip; <a class=\"more-link\" href=\"https:\/\/fundatiasensiblu.ro\/?p=2537\">Continu\u0103 lectura <span class=\"screen-reader-text\">SafeYOU, o aplica\u021bie pentru femeile \u0219i fetele victime ale violen\u021bei<\/span><\/a><\/p>\n<\/div>\r\n                    <div class=\"post-list-readmore\">\r\n                        <a href=\"https:\/\/fundatiasensiblu.ro\/?p=2537\" class=\"second_font\">Cite\u0219te mai mult<\/a>\r\n                    <\/div>\r\n                <\/div>\r\n            <\/div>\r\n                    \r\n                        <div class=\"post-box\">\r\n                <div class=\"post-text-align\">\r\n                    <div class=\"post-list-title\">\r\n                        <h3><a href=\"https:\/\/fundatiasensiblu.ro\/?p=2503\">Tr\u0103im \u00eentr-o lume imperfect\u0103 \u0219i, uneori, via\u021b\u0103 e nedreapt\u0103<\/a><\/h3>\r\n                    <\/div>\r\n                    <div class=\"post-list-text\"><p>Se \u00eent\u00e2mpl\u0103 multe lucruri care sunt \u00een afara controlului nostru, care ne fac s\u0103 ne sim\u021bim neputincio\u0219i, furio\u0219i \u0219i dezam\u0103gi\u021bi. \u201cDe ce mie?\u201d, \u201cDe ce eu?\u201d sunt primele \u00eentreb\u0103ri care ne vin \u00een minte c\u00e2nd trecem printr-un eveniment nepl\u0103cut. Nimeni nu are un r\u0103spuns la aceste \u00eentreb\u0103ri, uneori lucrurile se \u00eent\u00e2mpl\u0103 pur \u0219i simplu, nu&hellip; <a class=\"more-link\" href=\"https:\/\/fundatiasensiblu.ro\/?p=2503\">Continu\u0103 lectura <span class=\"screen-reader-text\">Tr\u0103im \u00eentr-o lume imperfect\u0103 \u0219i, uneori, via\u021b\u0103 e nedreapt\u0103<\/span><\/a><\/p>\n<\/div>\r\n                    <div class=\"post-list-readmore\">\r\n                        <a href=\"https:\/\/fundatiasensiblu.ro\/?p=2503\" class=\"second_font\">Cite\u0219te mai mult<\/a>\r\n                    <\/div>\r\n                <\/div>\r\n            <\/div>\r\n                    \r\n                        <div class=\"post-box\">\r\n                <div class=\"post-text-align\">\r\n                    <div class=\"post-list-title\">\r\n                        <h3><a href=\"https:\/\/fundatiasensiblu.ro\/?p=2485\">Cum ne poate ajuta psihoterapia c\u00e2nd pierdem o persoan\u0103 drag\u0103?<\/a><\/h3>\r\n                    <\/div>\r\n                    <div class=\"post-list-text\"><p>De peste 5 ani, Funda\u021bia Sensiblu ofer\u0103 psihoterapie gratuit\u0103 persoanelor care au pierdut pe cineva drag, \u00eentr-un parteneriat cu Asocia\u021bia Exist\u0103 Via\u021b\u0103 dup\u0103 Doliu. Zeci de persoane au beneficiat de servicii gratuite online pentru integrarea pierderii \u0219i tr\u0103irea doliului. C\u00e2nd experimentezi o pierdere, de orice natur\u0103, vei sim\u021bi o serie de emo\u021bii &#8211; triste\u021be, furie,&hellip; <a class=\"more-link\" href=\"https:\/\/fundatiasensiblu.ro\/?p=2485\">Continu\u0103 lectura <span class=\"screen-reader-text\">Cum ne poate ajuta psihoterapia c\u00e2nd pierdem o persoan\u0103 drag\u0103?<\/span><\/a><\/p>\n<\/div>\r\n                    <div class=\"post-list-readmore\">\r\n                        <a href=\"https:\/\/fundatiasensiblu.ro\/?p=2485\" class=\"second_font\">Cite\u0219te mai mult<\/a>\r\n                    <\/div>\r\n                <\/div>\r\n            <\/div>\r\n                    \r\n                        <div class=\"post-box\">\r\n                <div class=\"post-text-align\">\r\n                    <div class=\"post-list-title\">\r\n                        <h3><a href=\"https:\/\/fundatiasensiblu.ro\/?p=2460\">Violen\u021ba de gen \u00een r\u00e2ndul persoanele refugiate &#8211; subiectul principal pe agenda discu\u021biilor cu autorit\u0103\u021bile publice de la Cluj-Napoca<\/a><\/h3>\r\n                    <\/div>\r\n                    <div class=\"post-list-text\"><p>Societatea civil\u0103 invit\u0103 reprezentan\u021bii autorit\u0103\u021bilor publice implicate \u00een prevenirea \u0219i combaterea violen\u021bei de gen la dialog, \u00een cadrul unei mese rotunde organizate la Cluj-Napoca Reprezentan\u021bi ai autorit\u0103\u021bilor locale din Cluj, organiza\u021bii pentru drepturile femeilor \u0219i ale refugia\u021bilor \u0219i migran\u021bilor, experte \u0219i exper\u021bi \u00een domeniul violen\u021bei de gen se reunesc la masa rotund\u0103 pe tema \u201ePrevenirea&hellip; <a class=\"more-link\" href=\"https:\/\/fundatiasensiblu.ro\/?p=2460\">Continu\u0103 lectura <span class=\"screen-reader-text\">Violen\u021ba de gen \u00een r\u00e2ndul persoanele refugiate &#8211; subiectul principal pe agenda discu\u021biilor cu autorit\u0103\u021bile publice de la Cluj-Napoca<\/span><\/a><\/p>\n<\/div>\r\n                    <div class=\"post-list-readmore\">\r\n                        <a href=\"https:\/\/fundatiasensiblu.ro\/?p=2460\" class=\"second_font\">Cite\u0219te mai mult<\/a>\r\n                    <\/div>\r\n                <\/div>\r\n            <\/div>\r\n                    \r\n                        <div class=\"post-box\">\r\n                <div class=\"post-text-align\">\r\n                    <div class=\"post-list-title\">\r\n                        <h3><a href=\"https:\/\/fundatiasensiblu.ro\/?p=2456\">Funda\u021bia Sensiblu, prezent\u0103 la UN General Assembly 2023<\/a><\/h3>\r\n                    <\/div>\r\n                    <div class=\"post-list-text\"><p>Funda\u021bia Sensiblu aduce contribu\u021bii \u00een dialogul de \u00eenalt nivel privind Egalitatea de Gen desf\u0103\u0219urat pe l\u00e2ng\u0103 Adunarea General\u0103 a ONU 2023 Funda\u021bia Sensiblu, reprezentant\u0103 de Ruxandra Sevastin, \u00een calitate de speaker, a participat joi, 21 septembrie \u00een cadrul panelului de discu\u021bii online \u201eSDG 5: How Far Have We Come, Where Do We Want to Go?\u201d,&hellip; <a class=\"more-link\" href=\"https:\/\/fundatiasensiblu.ro\/?p=2456\">Continu\u0103 lectura <span class=\"screen-reader-text\">Funda\u021bia Sensiblu, prezent\u0103 la UN General Assembly 2023<\/span><\/a><\/p>\n<\/div>\r\n                    <div class=\"post-list-readmore\">\r\n                        <a href=\"https:\/\/fundatiasensiblu.ro\/?p=2456\" class=\"second_font\">Cite\u0219te mai mult<\/a>\r\n                    <\/div>\r\n                <\/div>\r\n            <\/div>\r\n                    \r\n                        <div class=\"post-box\">\r\n                <div class=\"post-text-align\">\r\n                    <div class=\"post-list-title\">\r\n                        <h3><a href=\"https:\/\/fundatiasensiblu.ro\/?p=2431\">Alia\u021bi \u00eempotriva violen\u021bei<\/a><\/h3>\r\n                    <\/div>\r\n                    <div class=\"post-list-text\"><p>Funda\u021bia Sensiblu, Poli\u021bia Rom\u00e2n\u0103 \u0219i UNHCR, Agen\u021bia ONU pentru Refugia\u021bi, fac eforturi comune pentru prevenirea violen\u021bei sexuale \u0219i de gen \u00cen perioada 1 iulie &#8211; 31 decembrie 2023, Funda\u021bia Sensiblu, \u00een colaborare cu UNHCR, Agen\u021bia ONU pentru refugia\u021bi \u0219i Poli\u021bia Rom\u00e2n\u0103, desf\u0103\u0219oar\u0103 la nivel na\u021bional o campanie de informare adresat\u0103 persoanelor expuse riscului de violen\u0163\u0103&hellip; <a class=\"more-link\" href=\"https:\/\/fundatiasensiblu.ro\/?p=2431\">Continu\u0103 lectura <span class=\"screen-reader-text\">Alia\u021bi \u00eempotriva violen\u021bei<\/span><\/a><\/p>\n<\/div>\r\n                    <div class=\"post-list-readmore\">\r\n                        <a href=\"https:\/\/fundatiasensiblu.ro\/?p=2431\" class=\"second_font\">Cite\u0219te mai mult<\/a>\r\n                    <\/div>\r\n                <\/div>\r\n            <\/div>\r\n                    \r\n                        <div class=\"post-box\">\r\n                <div class=\"post-text-align\">\r\n                    <div class=\"post-list-title\">\r\n                        <h3><a href=\"https:\/\/fundatiasensiblu.ro\/?p=2421\">\u00cemputernicire prin autoap\u0103rare pentru femeile din Ucraina<\/a><\/h3>\r\n                    <\/div>\r\n                    <div class=\"post-list-text\"><p>Luna mai a marcat startul unui maraton de cursuri de autoap\u0103rare pentru refugiatele din Ucraina, Empowerment Self Defense, facilitate de Tatiana Kolot \u0219i Gentiana Susaj, al\u0103turi de ESD Global \u0219i Impact Global. Prima sesiune, organizat\u0103 la Bucure\u0219ti \u00een data de 6 mai, a reunit circa 35 de femei. <\/p>\n<p>ESD are la baz\u0103 ideea conform c\u0103reia autoap\u0103rarea nu este doar despre \u00eenv\u0103\u021barea unor tehnici fizice, ci \u0219i despre dezvoltarea \u00eencrederii \u0219i autonomiei ca aspecte psihologice necesare pentru a face fa\u021b\u0103 provoc\u0103rilor, indiferent de circumstan\u021be.<\/p>\n<\/div>\r\n                    <div class=\"post-list-readmore\">\r\n                        <a href=\"https:\/\/fundatiasensiblu.ro\/?p=2421\" class=\"second_font\">Cite\u0219te mai mult<\/a>\r\n                    <\/div>\r\n                <\/div>\r\n            <\/div>\r\n                    \r\n                        <div class=\"post-box\">\r\n                <div class=\"post-text-align\">\r\n                    <div class=\"post-list-title\">\r\n                        <h3><a href=\"https:\/\/fundatiasensiblu.ro\/?p=2465\">Reluare licita\u021bie kituri igien\u0103 corporal\u0103<\/a><\/h3>\r\n                    <\/div>\r\n                    <div class=\"post-list-text\"><p>Funda\u021bia Sensiblu reia licita\u021bia \u00een vederea atribuirii contractului de achizi\u021bie de KIT-uri de IGIEN\u0102 CORPORAL\u0102 \u00een cadrul proiectului \u201eAcordarea serviciilor de asisten\u021b\u0103 \u0219i suport supravie\u021buitoarelor violen\u021bei bazate pe gen, refugiate din Ucraina\u2019\u2019. \ud835\udde2\ud835\uddf3\ud835\uddf2\ud835\uddff\ud835\ude01\ud835\uddee \ud835\uddf1\ud835\uddf2\ud835\uddfd\ud835\ude02\ud835\ude00\u0103 \ud835\ude03\ud835\uddee \ud835\uddf0\ud835\ude02\ud835\uddfd\ud835\uddff\ud835\uddf6\ud835\uddfb\ud835\uddf1\ud835\uddf2:\u2022 Propunerea tehnic\u0103 \u2013 va fi elaborat\u0103 \u00een concordan\u021b\u0103 cu prevederile din caietul de sarcini (inclusiv poze ale produselor ofertate);\u2022&hellip; <a class=\"more-link\" href=\"https:\/\/fundatiasensiblu.ro\/?p=2465\">Continu\u0103 lectura <span class=\"screen-reader-text\">Reluare licita\u021bie kituri igien\u0103 corporal\u0103<\/span><\/a><\/p>\n<\/div>\r\n                    <div class=\"post-list-readmore\">\r\n                        <a href=\"https:\/\/fundatiasensiblu.ro\/?p=2465\" class=\"second_font\">Cite\u0219te mai mult<\/a>\r\n                    <\/div>\r\n                <\/div>\r\n            <\/div>\r\n                            <\/div>\r\n                    <div class=\"page-center\">\r\n                <!-- Numbered Pagination -->\r\n                <div class=\"blog-pagination\">\r\n                    <ul>\r\n                                                        <li class=\"active\">\r\n                                    <a href=\"https:\/\/fundatiasensiblu.ro\/?page_id=298%2F2&paged=1\">1<\/a>\r\n                                <\/li>\r\n                                                                <li >\r\n                                    <a href=\"https:\/\/fundatiasensiblu.ro\/?page_id=298%2F2&paged=2\">2<\/a>\r\n                                <\/li>\r\n                                                            <li class=\"first-last\"><a href=\"https:\/\/fundatiasensiblu.ro\/index.php?rest_route=%2Fwp%2Fv2%2Fpages%2F298&#038;paged=2\" >Urm\u0103tor \u00bb<\/a><\/li>\r\n                            \r\n                    <\/ul>\r\n                <\/div>\r\n            <\/div>\r\n                    <\/div>\r\n<\/div>\n\t\t\t\t<\/div>\n\t\t\t\t<\/div>\n\t\t\t\t\t<\/div>\n\t\t<\/div>\n\t\t\t\t\t\t\t<\/div>\n\t\t<\/section>\n\t\t\t\t\t\t\t<\/div>\n\t\t","protected":false},"excerpt":{"rendered":"<p>Nout\u0103\u021bi<\/p>\n","protected":false},"author":1,"featured_media":0,"parent":0,"menu_order":0,"comment_status":"closed","ping_status":"closed","template":"elementor_header_footer","meta":{"footnotes":""},"class_list":["post-298","page","type-page","status-publish","hentry","entry"],"_links":{"self":[{"href":"https:\/\/fundatiasensiblu.ro\/index.php?rest_route=\/wp\/v2\/pages\/298","targetHints":{"allow":["GET"]}}],"collection":[{"href":"https:\/\/fundatiasensiblu.ro\/index.php?rest_route=\/wp\/v2\/pages"}],"about":[{"href":"https:\/\/fundatiasensiblu.ro\/index.php?rest_route=\/wp\/v2\/types\/page"}],"author":[{"embeddable":true,"href":"https:\/\/fundatiasensiblu.ro\/index.php?rest_route=\/wp\/v2\/users\/1"}],"replies":[{"embeddable":true,"href":"https:\/\/fundatiasensiblu.ro\/index.php?rest_route=%2Fwp%2Fv2%2Fcomments&post=298"}],"version-history":[{"count":3,"href":"https:\/\/fundatiasensiblu.ro\/index.php?rest_route=\/wp\/v2\/pages\/298\/revisions"}],"predecessor-version":[{"id":1746,"href":"https:\/\/fundatiasensiblu.ro\/index.php?rest_route=\/wp\/v2\/pages\/298\/revisions\/1746"}],"wp:attachment":[{"href":"https:\/\/fundatiasensiblu.ro\/index.php?rest_route=%2Fwp%2Fv2%2Fmedia&parent=298"}],"curies":[{"name":"wp","href":"https:\/\/api.w.org\/{rel}","templated":true}]}}