{"id":289,"date":"2023-05-10T16:30:50","date_gmt":"2023-05-10T14:30:50","guid":{"rendered":"https:\/\/ro-wapp-ne-drmax-fundatiasensiblu001prod.azurewebsites.net\/?page_id=289"},"modified":"2023-05-17T15:29:22","modified_gmt":"2023-05-17T13:29:22","slug":"implica-te","status":"publish","type":"page","link":"https:\/\/fundatiasensiblu.ro\/?page_id=289","title":{"rendered":"Implic\u0103-te"},"content":{"rendered":"\t\t<div data-elementor-type=\"wp-page\" data-elementor-id=\"289\" class=\"elementor elementor-289\">\n\t\t\t\t\t\t\t\t\t<section class=\"elementor-section elementor-top-section elementor-element elementor-element-fd8f5a8 top-banner white-color elementor-section-content-middle elementor-section-boxed elementor-section-height-default elementor-section-height-default\" data-id=\"fd8f5a8\" data-element_type=\"section\" data-settings=\"{&quot;background_background&quot;:&quot;classic&quot;}\">\n\t\t\t\t\t\t\t<div class=\"elementor-background-overlay\"><\/div>\n\t\t\t\t\t\t\t<div class=\"elementor-container elementor-column-gap-default\">\n\t\t\t\t\t<div class=\"elementor-column elementor-col-100 elementor-top-column elementor-element elementor-element-d443db6\" data-id=\"d443db6\" data-element_type=\"column\">\n\t\t\t<div class=\"elementor-widget-wrap elementor-element-populated\">\n\t\t\t\t\t\t\t\t<section class=\"elementor-section elementor-inner-section elementor-element elementor-element-69361ae elementor-section-content-middle csm-w800 elementor-section-boxed elementor-section-height-default elementor-section-height-default\" data-id=\"69361ae\" data-element_type=\"section\">\n\t\t\t\t\t\t<div class=\"elementor-container elementor-column-gap-default\">\n\t\t\t\t\t<div class=\"elementor-column elementor-col-100 elementor-inner-column elementor-element elementor-element-4a7314c\" data-id=\"4a7314c\" data-element_type=\"column\">\n\t\t\t<div class=\"elementor-widget-wrap elementor-element-populated\">\n\t\t\t\t\t\t\t\t<div class=\"elementor-element elementor-element-56ec43d elementor-widget elementor-widget-heading\" data-id=\"56ec43d\" data-element_type=\"widget\" data-widget_type=\"heading.default\">\n\t\t\t\t<div class=\"elementor-widget-container\">\n\t\t\t<style>\/*! elementor - v3.14.0 - 18-06-2023 *\/\n.elementor-heading-title{padding:0;margin:0;line-height:1}.elementor-widget-heading .elementor-heading-title[class*=elementor-size-]>a{color:inherit;font-size:inherit;line-height:inherit}.elementor-widget-heading .elementor-heading-title.elementor-size-small{font-size:15px}.elementor-widget-heading .elementor-heading-title.elementor-size-medium{font-size:19px}.elementor-widget-heading .elementor-heading-title.elementor-size-large{font-size:29px}.elementor-widget-heading .elementor-heading-title.elementor-size-xl{font-size:39px}.elementor-widget-heading .elementor-heading-title.elementor-size-xxl{font-size:59px}<\/style><h2 class=\"elementor-heading-title elementor-size-default\">Implic\u0103-te<\/h2>\t\t<\/div>\n\t\t\t\t<\/div>\n\t\t\t\t\t<\/div>\n\t\t<\/div>\n\t\t\t\t\t\t\t<\/div>\n\t\t<\/section>\n\t\t\t\t\t<\/div>\n\t\t<\/div>\n\t\t\t\t\t\t\t<\/div>\n\t\t<\/section>\n\t\t\t\t<section class=\"elementor-section elementor-top-section elementor-element elementor-element-d9fdfd6 elementor-section-full_width csm-archive pt-30 pb-30 elementor-section-height-default elementor-section-height-default\" data-id=\"d9fdfd6\" data-element_type=\"section\">\n\t\t\t\t\t\t<div class=\"elementor-container elementor-column-gap-no\">\n\t\t\t\t\t<div class=\"elementor-column elementor-col-100 elementor-top-column elementor-element elementor-element-5c181e0\" data-id=\"5c181e0\" data-element_type=\"column\">\n\t\t\t<div class=\"elementor-widget-wrap elementor-element-populated\">\n\t\t\t\t\t\t\t\t<div class=\"elementor-element elementor-element-bbcf1b0 elementor-widget elementor-widget-shortcode\" data-id=\"bbcf1b0\" data-element_type=\"widget\" data-widget_type=\"shortcode.default\">\n\t\t\t\t<div class=\"elementor-widget-container\">\n\t\t\t\t\t<div class=\"elementor-shortcode\">    <div id=\"list-post-panel\">\r\n        <div class=\"page-center\">\r\n        \r\n                        <div class=\"post-box\">\r\n                <div class=\"post-text-align\">\r\n                    <div class=\"post-list-title\">\r\n                        <h3><a href=\"https:\/\/fundatiasensiblu.ro\/?p=2503\">Tr\u0103im \u00eentr-o lume imperfect\u0103 \u0219i, uneori, via\u021b\u0103 e nedreapt\u0103<\/a><\/h3>\r\n                    <\/div>\r\n                    <div class=\"post-list-text\"><p>Se \u00eent\u00e2mpl\u0103 multe lucruri care sunt \u00een afara controlului nostru, care ne fac s\u0103 ne sim\u021bim neputincio\u0219i, furio\u0219i \u0219i dezam\u0103gi\u021bi. \u201cDe ce mie?\u201d, \u201cDe ce eu?\u201d sunt primele \u00eentreb\u0103ri care ne vin \u00een minte c\u00e2nd trecem printr-un eveniment nepl\u0103cut. Nimeni nu are un r\u0103spuns la aceste \u00eentreb\u0103ri, uneori lucrurile se \u00eent\u00e2mpl\u0103 pur \u0219i simplu, nu&hellip; <a class=\"more-link\" href=\"https:\/\/fundatiasensiblu.ro\/?p=2503\">Continu\u0103 lectura <span class=\"screen-reader-text\">Tr\u0103im \u00eentr-o lume imperfect\u0103 \u0219i, uneori, via\u021b\u0103 e nedreapt\u0103<\/span><\/a><\/p>\n<\/div>\r\n                    <div class=\"post-list-readmore\">\r\n                        <a href=\"https:\/\/fundatiasensiblu.ro\/?p=2503\" class=\"second_font\">Cite\u0219te mai mult<\/a>\r\n                    <\/div>\r\n                <\/div>\r\n            <\/div>\r\n                    \r\n                        <div class=\"post-box\">\r\n                <div class=\"post-text-align\">\r\n                    <div class=\"post-list-title\">\r\n                        <h3><a href=\"https:\/\/fundatiasensiblu.ro\/?p=558\">Avem nevoie de TINE!<\/a><\/h3>\r\n                    <\/div>\r\n                    <div class=\"post-list-text\"><p>De 20 de ani, aducem binele in viata celor care au nevoie de el! Uneori ne-a fost mai u\u0219or, alteori mai greu. 5 lucruri ne-au ajutat s\u0103 continu\u0103m:1. Dragostea noastr\u0103 fa\u021b\u0103 de oameni2. Credin\u021ba c\u0103 oricine poate s\u0103 devin\u0103 un om care \u00ee\u0219i aduce contribu\u021bia la societate3. Preg\u0103tirea noastr\u0103 profesional\u0103, capacitatea noastr\u0103 de a g\u0103si&hellip; <a class=\"more-link\" href=\"https:\/\/fundatiasensiblu.ro\/?p=558\">Continu\u0103 lectura <span class=\"screen-reader-text\">Avem nevoie de TINE!<\/span><\/a><\/p>\n<\/div>\r\n                    <div class=\"post-list-readmore\">\r\n                        <a href=\"https:\/\/fundatiasensiblu.ro\/?p=558\" class=\"second_font\">Cite\u0219te mai mult<\/a>\r\n                    <\/div>\r\n                <\/div>\r\n            <\/div>\r\n                    \r\n                        <div class=\"post-box\">\r\n                <div class=\"post-text-align\">\r\n                    <div class=\"post-list-title\">\r\n                        <h3><a href=\"https:\/\/fundatiasensiblu.ro\/?p=275\">Facem bine impreuna!<\/a><\/h3>\r\n                    <\/div>\r\n                    <div class=\"post-list-text\"><p class=\"text\">Dragi oameni de bine, Pentru cei aflati intr-un moment dificil al vietii lor, programele Fundatiei Sensiblu sunt importante. Fie ca au o problema de sanatate sau una de violenta in familie, viata acestor persoane este pusa in pericol si au nevoie de noi toti pentru a putea merge mai departe. In fiecare an, alegerea voastra&#8230;<\/p>\n<\/div>\r\n                    <div class=\"post-list-readmore\">\r\n                        <a href=\"https:\/\/fundatiasensiblu.ro\/?p=275\" class=\"second_font\">Cite\u0219te mai mult<\/a>\r\n                    <\/div>\r\n                <\/div>\r\n            <\/div>\r\n                            <\/div>\r\n                    <\/div>\r\n<\/div>\n\t\t\t\t<\/div>\n\t\t\t\t<\/div>\n\t\t\t\t\t<\/div>\n\t\t<\/div>\n\t\t\t\t\t\t\t<\/div>\n\t\t<\/section>\n\t\t\t\t\t\t\t<\/div>\n\t\t","protected":false},"excerpt":{"rendered":"<p>Implic\u0103-te<\/p>\n","protected":false},"author":1,"featured_media":0,"parent":0,"menu_order":0,"comment_status":"closed","ping_status":"closed","template":"elementor_header_footer","meta":{"footnotes":""},"class_list":["post-289","page","type-page","status-publish","hentry","entry"],"_links":{"self":[{"href":"https:\/\/fundatiasensiblu.ro\/index.php?rest_route=\/wp\/v2\/pages\/289","targetHints":{"allow":["GET"]}}],"collection":[{"href":"https:\/\/fundatiasensiblu.ro\/index.php?rest_route=\/wp\/v2\/pages"}],"about":[{"href":"https:\/\/fundatiasensiblu.ro\/index.php?rest_route=\/wp\/v2\/types\/page"}],"author":[{"embeddable":true,"href":"https:\/\/fundatiasensiblu.ro\/index.php?rest_route=\/wp\/v2\/users\/1"}],"replies":[{"embeddable":true,"href":"https:\/\/fundatiasensiblu.ro\/index.php?rest_route=%2Fwp%2Fv2%2Fcomments&post=289"}],"version-history":[{"count":29,"href":"https:\/\/fundatiasensiblu.ro\/index.php?rest_route=\/wp\/v2\/pages\/289\/revisions"}],"predecessor-version":[{"id":1738,"href":"https:\/\/fundatiasensiblu.ro\/index.php?rest_route=\/wp\/v2\/pages\/289\/revisions\/1738"}],"wp:attachment":[{"href":"https:\/\/fundatiasensiblu.ro\/index.php?rest_route=%2Fwp%2Fv2%2Fmedia&parent=289"}],"curies":[{"name":"wp","href":"https:\/\/api.w.org\/{rel}","templated":true}]}}