{"id":2269,"date":"2023-05-24T14:18:27","date_gmt":"2023-05-24T12:18:27","guid":{"rendered":"https:\/\/ro-wapp-ne-drmax-fundatiasensiblu001prod.azurewebsites.net\/?page_id=2269"},"modified":"2024-07-05T17:03:48","modified_gmt":"2024-07-05T15:03:48","slug":"safecity","status":"publish","type":"page","link":"https:\/\/fundatiasensiblu.ro\/?page_id=2269","title":{"rendered":"SafeCity"},"content":{"rendered":"\t\t<div data-elementor-type=\"wp-page\" data-elementor-id=\"2269\" class=\"elementor elementor-2269\">\n\t\t\t\t\t\t\t\t\t<section class=\"elementor-section elementor-top-section elementor-element elementor-element-57b427e top-banner white-color elementor-section-boxed elementor-section-height-default elementor-section-height-default\" data-id=\"57b427e\" data-element_type=\"section\" data-settings=\"{&quot;background_background&quot;:&quot;classic&quot;}\">\n\t\t\t\t\t\t\t<div class=\"elementor-background-overlay\"><\/div>\n\t\t\t\t\t\t\t<div class=\"elementor-container elementor-column-gap-default\">\n\t\t\t\t\t<div class=\"elementor-column elementor-col-100 elementor-top-column elementor-element elementor-element-7acc3d9\" data-id=\"7acc3d9\" data-element_type=\"column\">\n\t\t\t<div class=\"elementor-widget-wrap elementor-element-populated\">\n\t\t\t\t\t\t\t\t<section class=\"elementor-section elementor-inner-section elementor-element elementor-element-11ac306 elementor-section-content-middle csm-w800 elementor-section-boxed elementor-section-height-default elementor-section-height-default\" data-id=\"11ac306\" data-element_type=\"section\">\n\t\t\t\t\t\t<div class=\"elementor-container elementor-column-gap-default\">\n\t\t\t\t\t<div class=\"elementor-column elementor-col-100 elementor-inner-column elementor-element elementor-element-6c9f314\" data-id=\"6c9f314\" data-element_type=\"column\">\n\t\t\t<div class=\"elementor-widget-wrap elementor-element-populated\">\n\t\t\t\t\t\t\t\t<div class=\"elementor-element elementor-element-250f743 elementor-widget elementor-widget-heading\" data-id=\"250f743\" data-element_type=\"widget\" data-widget_type=\"heading.default\">\n\t\t\t\t<div class=\"elementor-widget-container\">\n\t\t\t<style>\/*! elementor - v3.14.0 - 18-06-2023 *\/\n.elementor-heading-title{padding:0;margin:0;line-height:1}.elementor-widget-heading .elementor-heading-title[class*=elementor-size-]>a{color:inherit;font-size:inherit;line-height:inherit}.elementor-widget-heading .elementor-heading-title.elementor-size-small{font-size:15px}.elementor-widget-heading .elementor-heading-title.elementor-size-medium{font-size:19px}.elementor-widget-heading .elementor-heading-title.elementor-size-large{font-size:29px}.elementor-widget-heading .elementor-heading-title.elementor-size-xl{font-size:39px}.elementor-widget-heading .elementor-heading-title.elementor-size-xxl{font-size:59px}<\/style><h2 class=\"elementor-heading-title elementor-size-default\">SafeCity, sub sloganul<\/h2>\t\t<\/div>\n\t\t\t\t<\/div>\n\t\t\t\t<div class=\"elementor-element elementor-element-87c4636 elementor-widget elementor-widget-heading\" data-id=\"87c4636\" data-element_type=\"widget\" data-widget_type=\"heading.default\">\n\t\t\t\t<div class=\"elementor-widget-container\">\n\t\t\t<h3 class=\"elementor-heading-title elementor-size-default\">\u201e\u00cen siguran\u021b\u0103, oriunde \u0219i oric\u00e2nd\u201d<\/h3>\t\t<\/div>\n\t\t\t\t<\/div>\n\t\t\t\t\t<\/div>\n\t\t<\/div>\n\t\t\t\t\t\t\t<\/div>\n\t\t<\/section>\n\t\t\t\t\t<\/div>\n\t\t<\/div>\n\t\t\t\t\t\t\t<\/div>\n\t\t<\/section>\n\t\t\t\t<section class=\"elementor-section elementor-top-section elementor-element elementor-element-f21de5f elementor-section-boxed elementor-section-height-default elementor-section-height-default\" data-id=\"f21de5f\" data-element_type=\"section\">\n\t\t\t\t\t\t<div class=\"elementor-container elementor-column-gap-default\">\n\t\t\t\t\t<div class=\"elementor-column elementor-col-100 elementor-top-column elementor-element elementor-element-e54d0ea\" data-id=\"e54d0ea\" data-element_type=\"column\">\n\t\t\t<div class=\"elementor-widget-wrap elementor-element-populated\">\n\t\t\t\t\t\t\t\t<div class=\"elementor-element elementor-element-ebe5ffe elementor-widget elementor-widget-text-editor\" data-id=\"ebe5ffe\" data-element_type=\"widget\" data-widget_type=\"text-editor.default\">\n\t\t\t\t<div class=\"elementor-widget-container\">\n\t\t\t<style>\/*! elementor - v3.14.0 - 18-06-2023 *\/\n.elementor-widget-text-editor.elementor-drop-cap-view-stacked .elementor-drop-cap{background-color:#69727d;color:#fff}.elementor-widget-text-editor.elementor-drop-cap-view-framed .elementor-drop-cap{color:#69727d;border:3px solid;background-color:transparent}.elementor-widget-text-editor:not(.elementor-drop-cap-view-default) .elementor-drop-cap{margin-top:8px}.elementor-widget-text-editor:not(.elementor-drop-cap-view-default) .elementor-drop-cap-letter{width:1em;height:1em}.elementor-widget-text-editor .elementor-drop-cap{float:left;text-align:center;line-height:1;font-size:50px}.elementor-widget-text-editor .elementor-drop-cap-letter{display:inline-block}<\/style>\t\t\t\t<p class=\"text\">\u00cen anul 2023, al\u0103turi de organiza\u021bii din alte 10 \u021b\u0103ri din lume, Funda\u021bia Sensiblu s-a al\u0103turat ini\u021biativei demarate de Red Dot Foundation Global &#8211; platforma SafeCity, sub sloganul <strong>\u201e\u00cen siguran\u021b\u0103, oriunde \u0219i oric\u00e2nd\u201d. <\/strong>Platforma \u0219i aplica\u021bia SafeCity au drept scop \u00eembun\u0103t\u0103\u021birea siguran\u021bei urbane \u0219i promovarea egalit\u0103\u021bii de acces la spa\u021biile publice \u0219i private, \u00een special pentru femei \u0219i fete.<\/p>\n<p class=\"text\">Safecity.in este o platform\u0103 online dezvoltat\u0103 \u00een India \u00een 2012, care are ca obiectiv colectarea \u0219i analizarea de date referitoare la violen\u021ba sexual\u0103 \u0219i h\u0103r\u021buirea stradal\u0103 \u00een \u021b\u0103rile \u00een care opereaz\u0103, cu un accent deosebit asupra zonelor urbane. Aceast\u0103 platform\u0103 utilizeaz\u0103 o metod\u0103 participativ\u0103 \u0219i colectiv\u0103 pentru a aduna informa\u021bii de la membrii comunit\u0103\u021bii, \u00een special femei \u0219i fete, cu privire la incidentele de h\u0103r\u021buire \u00een spa\u021biile publice \u0219i private.<\/p>\n<p class=\"text\">Potrivit unui studiu Ipsos realizat \u00een 2018, peste 80% dintre femei \u0219i fete din \u00eentreaga lume au experimentat cel pu\u021bin o form\u0103 de h\u0103r\u021buire stradal\u0103 \u00een timpul vie\u021bii. Aceasta include comentarii jignitoare sau obscene, priviri insistente, atingeri neconsim\u021bite, urm\u0103rire sau alte comportamente intimidante sau agresive \u00een spa\u021biul public \u0219i privat. \u00cen Rom\u00e2nia, conform Agen\u021biei Uniunii Europene pentru Drepturi Fundamentale (FRA), una din patru femei a fost agresat\u0103 fizic sau sexual de actualul sau fostul partener, iar \u0219i mai pu\u021bine au ajuns s\u0103 raporteze astfel de cazuri.<\/p>\n<p class=\"text\">Sub-raportarea violen\u021bei \u00eempotriva femeilor \u00een spa\u021biile publice \u0219i private este o provocare constant\u0103, at\u00e2t pentru autorit\u0103\u021bile publice, c\u00e2t \u0219i pentru institu\u021biile private care au drept rol asigurarea respect\u0103rii drepturilor fundamentale ale omului. \u00cen plus, sub-raportarea are un impact direct asupra serviciilor furnizate \u0219i a subdimension\u0103rii acestora.<\/p>\n<p class=\"text\">Prin intermediul tehnologiei geospa\u021biale, platforma genereaz\u0103 h\u0103r\u021bi interactive cu locurile \u00een care s-au \u00eenregistrat astfel de incidente, facilit\u00e2nd identificarea zonelor cu risc ridicat. Aceste informa\u021bii devin utile at\u00e2t comunit\u0103\u021bilor, dar \u0219i autorit\u0103\u021bilor, \u00een procesul de identificarea \u0219i implementarea de solu\u021bii eficiente pentru cre\u0219terea siguran\u021bei cet\u0103\u021benilor. Platforma ofer\u0103, de asemenea, un spa\u021biu sigur pentru femei \u0219i fete pentru a raporta incidentele de h\u0103r\u021buire stradal\u0103 \u0219i pentru a g\u0103si resurse \u0219i sprijin. Semnalizarea incidentelor are loc anonim, \u00eens\u0103 raportarea acestora pe platform\u0103 nu echivaleaz\u0103 cu depunerea unei pl\u00e2ngeri oficiale. \u00cen acest sens, victimele sunt \u00eencurajate s\u0103 contacteze \u0219i s\u0103 depun\u0103 pl\u00e2ngere oficial\u0103 c\u0103tre organele competente.<\/p>\n<p class=\"text\">Funda\u021bia Sensiblu, al\u0103turi de Red Dot Foundation Global, \u00ee\u0219i propune s\u0103 faciliteze accesul pe platform\u0103 at\u00e2t pentru femeile \u0219i fetele din Rom\u00e2nia, c\u00e2t \u0219i pentru cele din Ucraina, aflate pe teritoriul \u021b\u0103rii noastre, \u00eencuraj\u00e2ndu-le s\u0103 raporteze experien\u021bele personale \u0219i contribuind astfel la cre\u0219terea nivelului de con\u0219tientizare asupra problemei h\u0103r\u021buirii \u0219i abuzului stradal<\/p>\n<p class=\"text\"><strong>Activit\u0103\u021bile din cadrul proiectului sunt:<\/strong><\/p>\n<ul>\n<li>Traducerea platformei \u00een limbile rom\u00e2n\u0103 \u0219i ucrainean\u0103;<\/li>\n<li>Campanii de advocacy al\u0103turi de reprezentan\u021bii autorit\u0103\u021bilor publice locale\/na\u021bionale, personalul de poli\u021bie, speciali\u0219ti \u00een servicii sociale \u0219i membrii societ\u0103\u021bii civile angrena\u021bi \u00een prevenirea \u0219i combaterea violen\u021bei de gen;<\/li>\n<li>Dezvoltarea capacit\u0103\u021bilor liderilor comunitari \u0219i implicarea comunit\u0103\u021bilor \u00een abordarea problemei de violen\u021b\u0103, prin campanii de \u00eenv\u0103\u021bare comunitar\u0103 al\u0103turi de partenerii locali, institu\u021bii publice de educa\u021bie formal\u0103 \u0219i non-formal\u0103, consilieri \u0219colari etc.;<\/li>\n<li>Distribuirea de materiale informative \u00een r\u00e2ndul grupurilor \u021bint\u0103 din comunitate;<\/li>\n<li>Campanie de informare \u00een mediul virtual.<\/li>\n<\/ul>\n<p class=\"text\">SafeCity este disponibil\u0103 \u0219i sub form\u0103 de aplica\u021bie, care poate fi desc\u0103rcat\u0103 gratuit pentru Android \u0219i iOS.<\/p>\n<p class=\"text\">Proiectul este implementat \u00een perioada noiembrie 2022 &#8211; decembrie 2024 \u0219i beneficiaz\u0103 de finan\u021bare din partea Vital Voices Global Partnership USA.<\/p>\t\t\t\t\t\t<\/div>\n\t\t\t\t<\/div>\n\t\t\t\t\t<\/div>\n\t\t<\/div>\n\t\t\t\t\t\t\t<\/div>\n\t\t<\/section>\n\t\t\t\t\t\t\t<\/div>\n\t\t","protected":false},"excerpt":{"rendered":"<p>SafeCity, sub sloganul \u201e\u00cen siguran\u021b\u0103, oriunde \u0219i oric\u00e2nd\u201d \u00cen anul 2023, al\u0103turi de organiza\u021bii din alte 10 \u021b\u0103ri din lume, Funda\u021bia Sensiblu s-a al\u0103turat ini\u021biativei demarate de Red Dot Foundation Global &#8211; platforma SafeCity, sub sloganul \u201e\u00cen siguran\u021b\u0103, oriunde \u0219i oric\u00e2nd\u201d. Platforma \u0219i aplica\u021bia SafeCity au drept scop \u00eembun\u0103t\u0103\u021birea siguran\u021bei urbane \u0219i promovarea egalit\u0103\u021bii de&hellip; <a class=\"more-link\" href=\"https:\/\/fundatiasensiblu.ro\/?page_id=2269\">Continu\u0103 lectura <span class=\"screen-reader-text\">SafeCity<\/span><\/a><\/p>\n","protected":false},"author":1,"featured_media":0,"parent":462,"menu_order":60,"comment_status":"closed","ping_status":"closed","template":"elementor_header_footer","meta":{"footnotes":""},"class_list":["post-2269","page","type-page","status-publish","hentry","entry"],"_links":{"self":[{"href":"https:\/\/fundatiasensiblu.ro\/index.php?rest_route=\/wp\/v2\/pages\/2269","targetHints":{"allow":["GET"]}}],"collection":[{"href":"https:\/\/fundatiasensiblu.ro\/index.php?rest_route=\/wp\/v2\/pages"}],"about":[{"href":"https:\/\/fundatiasensiblu.ro\/index.php?rest_route=\/wp\/v2\/types\/page"}],"author":[{"embeddable":true,"href":"https:\/\/fundatiasensiblu.ro\/index.php?rest_route=\/wp\/v2\/users\/1"}],"replies":[{"embeddable":true,"href":"https:\/\/fundatiasensiblu.ro\/index.php?rest_route=%2Fwp%2Fv2%2Fcomments&post=2269"}],"version-history":[{"count":3,"href":"https:\/\/fundatiasensiblu.ro\/index.php?rest_route=\/wp\/v2\/pages\/2269\/revisions"}],"predecessor-version":[{"id":2553,"href":"https:\/\/fundatiasensiblu.ro\/index.php?rest_route=\/wp\/v2\/pages\/2269\/revisions\/2553"}],"up":[{"embeddable":true,"href":"https:\/\/fundatiasensiblu.ro\/index.php?rest_route=\/wp\/v2\/pages\/462"}],"wp:attachment":[{"href":"https:\/\/fundatiasensiblu.ro\/index.php?rest_route=%2Fwp%2Fv2%2Fmedia&parent=2269"}],"curies":[{"name":"wp","href":"https:\/\/api.w.org\/{rel}","templated":true}]}}