{"id":2249,"date":"2023-05-24T14:06:18","date_gmt":"2023-05-24T12:06:18","guid":{"rendered":"https:\/\/ro-wapp-ne-drmax-fundatiasensiblu001prod.azurewebsites.net\/?page_id=2249"},"modified":"2024-05-21T14:28:06","modified_gmt":"2024-05-21T12:28:06","slug":"provision-of-specialized-support","status":"publish","type":"page","link":"https:\/\/fundatiasensiblu.ro\/?page_id=2249","title":{"rendered":"Provision of specialized support"},"content":{"rendered":"\t\t<div data-elementor-type=\"wp-page\" data-elementor-id=\"2249\" class=\"elementor elementor-2249\">\n\t\t\t\t\t\t\t\t\t<section class=\"elementor-section elementor-top-section elementor-element elementor-element-ef5f057 top-banner white-color elementor-section-boxed elementor-section-height-default elementor-section-height-default\" data-id=\"ef5f057\" data-element_type=\"section\" data-settings=\"{&quot;background_background&quot;:&quot;classic&quot;}\">\n\t\t\t\t\t\t\t<div class=\"elementor-background-overlay\"><\/div>\n\t\t\t\t\t\t\t<div class=\"elementor-container elementor-column-gap-default\">\n\t\t\t\t\t<div class=\"elementor-column elementor-col-100 elementor-top-column elementor-element elementor-element-ba73250\" data-id=\"ba73250\" data-element_type=\"column\">\n\t\t\t<div class=\"elementor-widget-wrap elementor-element-populated\">\n\t\t\t\t\t\t\t\t<section class=\"elementor-section elementor-inner-section elementor-element elementor-element-87ae089 elementor-section-content-middle csm-w800 elementor-section-boxed elementor-section-height-default elementor-section-height-default\" data-id=\"87ae089\" data-element_type=\"section\">\n\t\t\t\t\t\t<div class=\"elementor-container elementor-column-gap-default\">\n\t\t\t\t\t<div class=\"elementor-column elementor-col-100 elementor-inner-column elementor-element elementor-element-5873335\" data-id=\"5873335\" data-element_type=\"column\">\n\t\t\t<div class=\"elementor-widget-wrap elementor-element-populated\">\n\t\t\t\t\t\t\t\t<div class=\"elementor-element elementor-element-64fab41 elementor-widget elementor-widget-heading\" data-id=\"64fab41\" data-element_type=\"widget\" data-widget_type=\"heading.default\">\n\t\t\t\t<div class=\"elementor-widget-container\">\n\t\t\t<style>\/*! elementor - v3.14.0 - 18-06-2023 *\/\n.elementor-heading-title{padding:0;margin:0;line-height:1}.elementor-widget-heading .elementor-heading-title[class*=elementor-size-]>a{color:inherit;font-size:inherit;line-height:inherit}.elementor-widget-heading .elementor-heading-title.elementor-size-small{font-size:15px}.elementor-widget-heading .elementor-heading-title.elementor-size-medium{font-size:19px}.elementor-widget-heading .elementor-heading-title.elementor-size-large{font-size:29px}.elementor-widget-heading .elementor-heading-title.elementor-size-xl{font-size:39px}.elementor-widget-heading .elementor-heading-title.elementor-size-xxl{font-size:59px}<\/style><h2 class=\"elementor-heading-title elementor-size-default\">Provision of specialized support and services to GBV survivors<\/h2>\t\t<\/div>\n\t\t\t\t<\/div>\n\t\t\t\t\t<\/div>\n\t\t<\/div>\n\t\t\t\t\t\t\t<\/div>\n\t\t<\/section>\n\t\t\t\t\t<\/div>\n\t\t<\/div>\n\t\t\t\t\t\t\t<\/div>\n\t\t<\/section>\n\t\t\t\t<section class=\"elementor-section elementor-top-section elementor-element elementor-element-f827112 elementor-section-boxed elementor-section-height-default elementor-section-height-default\" data-id=\"f827112\" data-element_type=\"section\">\n\t\t\t\t\t\t<div class=\"elementor-container elementor-column-gap-default\">\n\t\t\t\t\t<div class=\"elementor-column elementor-col-100 elementor-top-column elementor-element elementor-element-5ae664f\" data-id=\"5ae664f\" data-element_type=\"column\">\n\t\t\t<div class=\"elementor-widget-wrap elementor-element-populated\">\n\t\t\t\t\t\t\t\t<div class=\"elementor-element elementor-element-f9a8618 elementor-widget-tablet__width-initial elementor-widget elementor-widget-text-editor\" data-id=\"f9a8618\" data-element_type=\"widget\" data-widget_type=\"text-editor.default\">\n\t\t\t\t<div class=\"elementor-widget-container\">\n\t\t\t<style>\/*! elementor - v3.14.0 - 18-06-2023 *\/\n.elementor-widget-text-editor.elementor-drop-cap-view-stacked .elementor-drop-cap{background-color:#69727d;color:#fff}.elementor-widget-text-editor.elementor-drop-cap-view-framed .elementor-drop-cap{color:#69727d;border:3px solid;background-color:transparent}.elementor-widget-text-editor:not(.elementor-drop-cap-view-default) .elementor-drop-cap{margin-top:8px}.elementor-widget-text-editor:not(.elementor-drop-cap-view-default) .elementor-drop-cap-letter{width:1em;height:1em}.elementor-widget-text-editor .elementor-drop-cap{float:left;text-align:center;line-height:1;font-size:50px}.elementor-widget-text-editor .elementor-drop-cap-letter{display:inline-block}<\/style>\t\t\t\t<p class=\"text\">Funda\u021bia Sensiblu, partener al <strong><em>UNHCR, Agen\u021bia ONU pentru refugia\u021bi<\/em><\/strong> \u00een Rom\u00e2nia \u00een problema violen\u021bei bazate pe gen, continu\u0103, \u0219i \u00een acest an, s\u0103 sprijine refugia\u021bii din Ucraina afla\u021bi \u00een situa\u021bii de risc de violen\u021b\u0103 sexual\u0103 \u0219i de gen prin furnizarea de servicii de suport psihosocial \u0219i asisten\u021b\u0103 juridic\u0103. Astfel, \u00een perioada 01 Ianuarie &#8211; 31 Decembrie 2024, Funda\u021bia Sensiblu implementeaz\u0103 proiectul \u201eProvision of specialized support and services to GBV survivors\u201d. Proiectul se desf\u0103\u0219oar\u0103 \u00een contextul conflictului armat interna\u021bional din Ucraina \u0219i vizeaz\u0103 1600 de persoane refugiate &#8211; femei, fete, b\u0103ie\u021bi \u0219i b\u0103rba\u021bi &#8211; din a\u0219ez\u0103ri urbane, centre de tranzit \u0219i locuri de cazare private din Bucure\u0219ti, Suceava, Constan\u021ba \u0219i V\u00e2lcea.<\/p>\n<p class=\"text\">De la \u00eenceputul r\u0103zboiului din Ucraina, aproximativ 6.000.000 persoane din Ucraina au trecut grani\u021ba \u00een Rom\u00e2nia, iar peste 162.000 sunt \u00eenregistrate pentru protec\u021bie temporar\u0103 \u00een \u021bara noastr\u0103.<\/p>\n<p class=\"text\">75% dintre refugia\u021bii din Ucraina sunt femei \u0219i copii, care se confrunt\u0103 cu riscuri semnificativ mai mari de siguran\u021b\u0103 \u0219i protec\u021bie, separarea membrilor familiilor, comunit\u0103\u021bii, precum \u0219i incertitudine \u0219i lips\u0103 de informa\u021bii \u00eentr-o societate diferit\u0103. Toate acestea, \u0219i nu numai, le fac vulnerabile \u00een fa\u021ba violen\u021bei bazate pe gen.<\/p>\n<p class=\"text\"><strong>Violen\u021ba bazat\u0103 pe gen<\/strong> (VBG) se refer\u0103 la orice act comis \u00eempotriva voin\u021bei unei persoane, bazat pe normele de gen \u0219i rela\u021bii inegale de putere. VBG reprezint\u0103 o \u00eenc\u0103lcare a drepturilor omului (dreptul la s\u0103n\u0103tate fizic\u0103 \u0219i mental\u0103, dreptul la exprimare liber\u0103, dreptul de a nu fi supus torturii \u0219i pedepselor inumane etc.), care genereaz\u0103 consecin\u021be fizice, psihologice, sociale, economice \u0219i spirituale, \u0219i cauzeaz\u0103 v\u0103t\u0103m\u0103ri grave victimelor, familiilor \u0219i comunit\u0103\u021bilor acestora. Exist\u0103 un risc crescut de violen\u021b\u0103 \u00eempotriva femeilor at\u00e2t \u00een timpul conflictului \u00een \u021bara de origine, c\u00e2t \u0219i \u00een timpul c\u0103l\u0103toriei c\u0103tre \u021b\u0103rile de tranzit sau destina\u021bie, iar ulterior, \u00een perioada repatrierii sau reintegr\u0103rii.<\/p>\n<p class=\"text\">Pentru a r\u0103spunde nevoilor \u0219i cerin\u021belor comunit\u0103\u021bilor de refugia\u021bi din \u00eentreaga \u021bar\u0103, Funda\u021bia Sensiblu va implementa&nbsp; activit\u0103\u021bi \u00een Bucure\u0219ti, Constan\u021ba, V\u00e2lcea \u0219i Suceava. Aceast\u0103 decizie reflect\u0103 angajamentul Funda\u021biei Sensiblu de a continua s\u0103 ofere sprijin comunit\u0103\u021bilor de refugia\u021bi \u0219i s\u0103 contribuie la protec\u021bia \u0219i integrarea acestora.<\/p>\n<p class=\"text\">\u00cen aceste condi\u021bii, proiectul \u00ee\u0219i propune s\u0103 contribuie la prevenirea \u0219i combaterea violen\u021bei bazat\u0103 pe gen \u00een r\u00e2ndul refugia\u021bilor din Ucraina, \u0219i s\u0103 optimizeze protec\u021bia victimelor prin:<\/p>\n<ul>\n<li>Servicii de asisten\u021b\u0103 psihosocial\u0103 \u0219i juridic\u0103 bazate pe o abordare centrat\u0103 pe supravie\u021buitoare, care contribuie la crearea re\u021belelor de suport \u0219i solidaritate \u00een r\u00e2ndul femeilor \u0219i fetelor;<\/li>\n<li>Advocacy institu\u021bional \u0219i facilitarea implic\u0103rii actorilor cheie &#8211; guvern, autorit\u0103\u021bi locale, voluntari, servicii sociale \u0219i de s\u0103n\u0103tate &#8211; pentru \u00eent\u0103rirea colabor\u0103rii \u0219i consolidarea parteneriatelor inter-agen\u021bii \u00een vederea elabor\u0103rii unui r\u0103spuns integrat \u0219i corespunz\u0103tor cu problema violen\u021bei bazate pe gen;<\/li>\n<li>Sesiuni de \u00eemputernicire prin auto-ap\u0103rare (Empowerment self-defense) pentru persoanele \u00een risc, sus\u021binute de traineri certifica\u021bi;<\/li>\n<li><span style=\"font-family: var(--list--font-family); color: var( --e-global-color-text ); font-size: calc(13px + 0.37vw); font-weight: var( --e-global-typography-text-font-weight );\">Activit\u0103\u021bi de sensibilizare destinate refugia\u021bilor \u0219i comunit\u0103\u021bilor lor, cu scopul de a preveni \u0219i combate violen\u021ba bazat\u0103 pe gen<\/span><\/li>\n<\/ul>\n<p class=\"text\"><em>\u201eEste adev\u0103rat c\u0103 violen\u021ba bazat\u0103 pe gen reprezint\u0103 un risc major pentru femeile \u0219i fetele refugiate, care sunt vulnerabile \u00een fa\u021ba mai multor forme de abuz \u0219i exploatare, inclusiv violen\u021ba sexual\u0103 \u0219i de gen, atunci c\u00e2nd se afl\u0103 \u00een deplasare sau \u00een c\u0103utarea unui ad\u0103post sigur. \u00cen aceste situa\u021bii, accesul la servicii de r\u0103spuns adecvate \u0219i la sprijin multisectorial este esen\u021bial pentru a asigura protec\u021bia \u0219i securitatea acestor femei \u0219i fete \u0219i pentru a le oferi un mediu \u00een care s\u0103 se poat\u0103 sim\u021bi \u00een siguran\u021ba. Funda\u021bia Sensiblu, al\u0103turi de UNHCR, continu\u0103 \u0219i \u00een acest an s\u0103 r\u0103spund\u0103 nevoilor refugiatelor afectate de violen\u021ba bazat\u0103 pe gen, oferindu-le acces la informa\u021bii \u0219i metode prin care se pot proteja, la o comunitate \u00een care se pot sim\u021bi protejate \u0219i la servicii specializate<\/em>.\u201d &#8211; Cristina Horia, Pre\u0219edint\u0103 a Funda\u021biei Sensiblu<\/p>\n<p class=\"text\">Activit\u0103\u021bile vizeaz\u0103 refugia\u021bii, lucr\u0103torii umanitari, profesioni\u0219tii din serviciile publice \u0219i sociale, serviciile de s\u0103n\u0103tate, agen\u021biile sociale \u0219i comunit\u0103\u021bile acestora.<\/p>\n<p class=\"text\">Serviciile sunt furnizate de speciali\u0219ti \u00een domeniul violen\u021bei de gen \u00een limbile rom\u00e2n\u0103, ucrainean\u0103, rus\u0103 \u0219i englez\u0103.<\/p>\n<p class=\"text\"><strong>Contacte centre:<\/strong><\/p>\n<p class=\"text\"><strong>Bucure\u0219ti\/V\u00e2lcea | \u0411\u0443\u0445\u0430\u0440\u0435\u0441\u0442\/ \u0412\u0438\u043b\u0447\u0430<\/strong><\/p>\n<p class=\"text\">0040787541854 \u2013 Funda\u021bia Sensiblu Bucure\u0219ti \/ RomExpo | \u0424\u043e\u043d\u0434 \u0421\u0435\u043d\u0441\u0456\u0431\u043b\u0443 \u0411\u0443\u0445\u0430\u0440\u0435\u0441\u0442\/ \u0426\u0435\u043d\u0442\u0440 \u0420\u043e\u043c\u0415\u043a\u0441\u043f\u043e<\/p>\n<p class=\"text\"><strong>Suceava | \u0421\u0443\u0447\u0430\u0432\u0430<\/strong><\/p>\n<p class=\"text\">0040711964164 &#8211; Funda\u021bia Sensiblu Suceava | \u0424\u043e\u043d\u0434 \u0421\u0435\u043d\u0441\u0456\u0431\u043b\u0443 \u0421\u0443\u0447\u0430\u0432\u0430<\/p>\n<p class=\"text\"><strong style=\"color: var( --e-global-color-text ); font-family: var( --e-global-typography-text-font-family ), Sans-serif; font-size: calc(13px + 0.37vw);\">Constan\u021ba | \u041a\u043e\u043d\u0441\u0442\u0430\u043d\u0446\u0430<\/strong><br><\/p>\n<p class=\"text\">0040711948762 \u2013 Funda\u021bia Sensiblu Constan\u021ba | \u0424\u043e\u043d\u0434 \u0421\u0435\u043d\u0441\u0456\u0431\u043b\u0443 \u041a\u043e\u043d\u0441\u0442\u0430\u043d\u0446\u0430<\/p>\n<p class=\"text\"><strong>Materiale de informare pentru refugia\u021bi<\/strong><\/p>\n<p class=\"text\"><a href=\"\/wp-content\/uploads\/2023\/05\/Sensiblu_brosura-refugiati-Ucraina-A5_spreads.pdf\" target=\"_blank\" rel=\"noopener\">B<\/a><a style=\"font-family: var( --e-global-typography-text-font-family ), Sans-serif; font-size: calc(13px + 0.37vw); font-weight: var( --e-global-typography-text-font-weight ); background-color: #ffffff;\" href=\"https:\/\/fundatiasensiblu.ro\/wp-content\/uploads\/2023\/12\/Sensiblu_brosura-refugiati-compressed.pdf\" target=\"_blank\" rel=\"noopener\">rosura<\/a><\/p>\n<p class=\"text\"><br><\/p>\t\t\t\t\t\t<\/div>\n\t\t\t\t<\/div>\n\t\t\t\t\t<\/div>\n\t\t<\/div>\n\t\t\t\t\t\t\t<\/div>\n\t\t<\/section>\n\t\t\t\t\t\t\t<\/div>\n\t\t","protected":false},"excerpt":{"rendered":"<p>Provision of specialized support and services to GBV survivors Funda\u021bia Sensiblu, partener al UNHCR, Agen\u021bia ONU pentru refugia\u021bi \u00een Rom\u00e2nia \u00een problema violen\u021bei bazate pe gen, continu\u0103, \u0219i \u00een acest an, s\u0103 sprijine refugia\u021bii din Ucraina afla\u021bi \u00een situa\u021bii de risc de violen\u021b\u0103 sexual\u0103 \u0219i de gen prin furnizarea de servicii de suport psihosocial \u0219i&hellip; <a class=\"more-link\" href=\"https:\/\/fundatiasensiblu.ro\/?page_id=2249\">Continu\u0103 lectura <span class=\"screen-reader-text\">Provision of specialized support<\/span><\/a><\/p>\n","protected":false},"author":1,"featured_media":0,"parent":462,"menu_order":50,"comment_status":"closed","ping_status":"closed","template":"elementor_header_footer","meta":{"footnotes":""},"class_list":["post-2249","page","type-page","status-publish","hentry","entry"],"_links":{"self":[{"href":"https:\/\/fundatiasensiblu.ro\/index.php?rest_route=\/wp\/v2\/pages\/2249","targetHints":{"allow":["GET"]}}],"collection":[{"href":"https:\/\/fundatiasensiblu.ro\/index.php?rest_route=\/wp\/v2\/pages"}],"about":[{"href":"https:\/\/fundatiasensiblu.ro\/index.php?rest_route=\/wp\/v2\/types\/page"}],"author":[{"embeddable":true,"href":"https:\/\/fundatiasensiblu.ro\/index.php?rest_route=\/wp\/v2\/users\/1"}],"replies":[{"embeddable":true,"href":"https:\/\/fundatiasensiblu.ro\/index.php?rest_route=%2Fwp%2Fv2%2Fcomments&post=2249"}],"version-history":[{"count":3,"href":"https:\/\/fundatiasensiblu.ro\/index.php?rest_route=\/wp\/v2\/pages\/2249\/revisions"}],"predecessor-version":[{"id":2535,"href":"https:\/\/fundatiasensiblu.ro\/index.php?rest_route=\/wp\/v2\/pages\/2249\/revisions\/2535"}],"up":[{"embeddable":true,"href":"https:\/\/fundatiasensiblu.ro\/index.php?rest_route=\/wp\/v2\/pages\/462"}],"wp:attachment":[{"href":"https:\/\/fundatiasensiblu.ro\/index.php?rest_route=%2Fwp%2Fv2%2Fmedia&parent=2249"}],"curies":[{"name":"wp","href":"https:\/\/api.w.org\/{rel}","templated":true}]}}